{"id":12576,"date":"2021-04-28T12:15:45","date_gmt":"2021-04-28T10:15:45","guid":{"rendered":"https:\/\/www.apart7stuben.at\/?page_id=12576"},"modified":"2024-01-20T19:04:43","modified_gmt":"2024-01-20T18:04:43","slug":"getting-there","status":"publish","type":"page","link":"https:\/\/www.apart7stuben.at\/en\/getting-there\/","title":{"rendered":"Getting there"},"content":{"rendered":"\n\n\t<div class=\"ast-breadcrumbs-wrapper\">\n\t\t\t<div class=\"ast-breadcrumbs-inner\"><nav role=\"navigation\" aria-label=\"Breadcrumbs\" class=\"breadcrumb-trail breadcrumbs\" ><div class=\"ast-breadcrumbs\"><ul class=\"trail-items\" ><li  class=\"trail-item trail-end\"><span><a href=\"https:\/\/www.apart7stuben.at\/en\/\" rel=\"home\"><span >Home<\/span><\/a><\/span><\/li><\/ul><\/div><\/nav><\/div>\n\t\t<\/div>\n\t<h1>\n\t\t\t\tGetting there\n\t\t\t<\/h1>\n\t<p>Stuben am Arlberg, Vorarlberg, Austria<\/p>\n\t<p> <div class=\"brlbs-cmpnt-container brlbs-cmpnt-content-blocker brlbs-cmpnt-with-individual-styles\" data-borlabs-cookie-content-blocker-id=\"google-maps\" data-borlabs-cookie-content=\"PGlmcmFtZSBzcmM9Imh0dHBzOi8vd3d3Lmdvb2dsZS5jb20vbWFwcy9lbWJlZD9wYj0hMW0xNCExbTghMW0zITFkMTA4NTUuODQwMDIyMjE0MTEhMmQxMC4xNTk0NDUxITNkNDcuMTM5MDQ5NiEzbTIhMWkxMDI0ITJpNzY4ITRmMTMuMSEzbTMhMW0yITFzMHg0NzljYWYxZjdjY2EyM2JkJTNBMHg0ZWQ0YWNhNjBkMDNmZDUwITJzQXBhcnQlMjA3JTIwRmVyaWVud29obnVuZyE1ZTAhM20yITFzZW4hMnN1ayE0djE2OTY0Mzg4MzUxNTkhNW0yITFzZW4hMnN1ayIgd2lkdGg9IjEwMCUiIGhlaWdodD0iNDUwIiBhbGxvd2Z1bGxzY3JlZW49IiIgbG9hZGluZz0ibGF6eSIgcmVmZXJyZXJwb2xpY3k9Im5vLXJlZmVycmVyLXdoZW4tZG93bmdyYWRlIj48L2lmcmFtZT4=\"><div class=\"brlbs-cmpnt-cb-preset-b brlbs-cmpnt-cb-google-maps\"> <div class=\"brlbs-cmpnt-cb-thumbnail\" style=\"background-image: url('https:\/\/www.apart7stuben.at\/wp-content\/uploads\/borlabs-cookie\/1\/brlbs-cb-google-maps-main.png')\"><\/div> <div class=\"brlbs-cmpnt-cb-main\"> <div class=\"brlbs-cmpnt-cb-content\"> <p class=\"brlbs-cmpnt-cb-description\">You are currently viewing a placeholder content from <strong>Google Maps<\/strong>. To access the actual content, click the button below. Please note that doing so will share data with third-party providers.<\/p> <a class=\"brlbs-cmpnt-cb-provider-toggle\" href=\"#\" data-borlabs-cookie-show-provider-information role=\"button\">More Information<\/a> <\/div> <div class=\"brlbs-cmpnt-cb-buttons\"> <a class=\"brlbs-cmpnt-cb-btn\" href=\"#\" data-borlabs-cookie-unblock role=\"button\">Unblock content<\/a> <a class=\"brlbs-cmpnt-cb-btn\" href=\"#\" data-borlabs-cookie-accept-service role=\"button\" style=\"display: inherit\">Accept required service and unblock content<\/a> <\/div> <\/div> <\/div><\/div><\/p>\n\t<strong>Apart 7<br \/>\n<\/strong>\nChesa Lavadina Hotel GmbH<br \/>\nStuben 7<br \/>\n6762 Stuben am Arlberg<br \/>\nAustria\n\t\t\t<a href=\"#\" target=\"_self\" role=\"button\" aria-label=\"Google Maps\" rel=\"noopener\">\n\t\t\t\t\t\t\tGoogle Maps\n\t\t<\/a>\n\t<h3>\n\t\t\t\tAdresse for your GPS:\n\t\t\t<\/h3>\n\t\t\t<p>Chesa Lavadina Hotel GmbH<br \/>Stuben 7<br \/>6762 Stuben am Arlberg<br \/>Austria<\/p>\t\n\t<h3>\n\t\t\t\tIIn Winter\n\t\t\t<\/h3>\n\t\t\t<p>In winter it&#8217;s best to drive down to the village and from there towards our hotel &#8211; and not take the slightly steeper little road down to us that your navigation system shows you.<\/p>\t\n\t\t\t\t<table>\n\t\t\t\t\t<thead>\n\t\t\t\t\t\t\t\t\t\t\t\t\t\t<tr>\n\t\t\t\t\t\t\t\t\t\t\t\t\t\t\t<th rowspan=\"\" colspan=\"\">\n\t\t\t\t\t\t\t\t\t\t\t\t\t\t\t\t\t<label>\n\t\t\t\t\t\t\t\t\t\t<\/label><label> Flights to and from <\/label>\n\t\t\t\t\t\t\t\t\t\n\t\t\t\t\t\t\t\t\t\t\t\t\t\t\t\t\t<\/th>\n\t\t\t\t\t\t\t\t\t\t\t\t\t\t<th rowspan=\"\" colspan=\"\">\n\t\t\t\t\t\t\t\t\t\t\t\t\t\t\t\t\t<label>\n\t\t\t\t\t\t\t\t\t\t<\/label><label> Taxi for up to 8 people <\/label>\n\t\t\t\t\t\t\t\t\t\n\t\t\t\t\t\t\t\t\t\t\t\t\t\t\t\t\t<\/th>\n\t\t\t\t\t\t\t\t\t\t\t\t\t\t<th rowspan=\"\" colspan=\"\">\n\t\t\t\t\t\t\t\t\t\t\t\t\t\t\t\t\t<label>\n\t\t\t\t\t\t\t\t\t\t<\/label><label> Train connection from the airport to Langen am Arlberg <\/label>\n\t\t\t\t\t\t\t\t\t\n\t\t\t\t\t\t\t\t\t\t\t\t\t\t\t\t\t<\/th>\n\t\t\t\t\t\t\t\t\t\t\t<\/tr><\/thead>\n\t\t\t\t\t<tbody>\n\t\t\t\t\t\t\t\t\t\t\t\t\t\t\t<tr>\n\t\t\t\t\t\t\t\t\t\t\t\t\t\t\t\t\t\t\t\t<td colspan=\"\" rowspan=\"\">\n\t\t\t\t\t\t\t\t\t\t\t\t\t\t\t\t\t\t\t\t\t\t\t Innsbruck \n\t\t\t\t\t\t\t\t\t\t\t\t\t\t\t\t\t\t\t\t\t\t\t<\/td>\n\t\t\t\t\t\t\t\t\t\t\t\t\t\t\t\t<td colspan=\"\" rowspan=\"\">\n\t\t\t\t\t\t\t\t\t\t\t\t\t\t\t\t\t\t\t\t\t\t\t EURO 220 one trip &#8211; 1.5 hours \n\t\t\t\t\t\t\t\t\t\t\t\t\t\t\t\t\t\t\t\t\t\t\t<\/td>\n\t\t\t\t\t\t\t\t\t\t\t\t\t\t\t\t<td colspan=\"\" rowspan=\"\">\n\t\t\t\t\t\t\t\t\t\t\t\t\t\t\t\t\t\t\t\t\t\t\t EURO 25 one trip &#8211; 2 hours door to door \n\t\t\t\t\t\t\t\t\t\t\t\t\t\t\t\t\t\t\t\t\t\t\t<\/td>\n\t\t\t\t\t\t\t\t\t\t\t\t\t\t\t<\/tr><tr>\n\t\t\t\t\t\t\t\t\t\t\t\t\t\t\t\t\t\t\t\t<td colspan=\"\" rowspan=\"\">\n\t\t\t\t\t\t\t\t\t\t\t\t\t\t\t\t\t\t\t\t\t\t\t Z\u00fcrich \n\t\t\t\t\t\t\t\t\t\t\t\t\t\t\t\t\t\t\t\t\t\t\t<\/td>\n\t\t\t\t\t\t\t\t\t\t\t\t\t\t\t\t<td colspan=\"\" rowspan=\"\">\n\t\t\t\t\t\t\t\t\t\t\t\t\t\t\t\t\t\t\t\t\t\t\t EURO 300 one trip &#8211; 2 hours \n\t\t\t\t\t\t\t\t\t\t\t\t\t\t\t\t\t\t\t\t\t\t\t<\/td>\n\t\t\t\t\t\t\t\t\t\t\t\t\t\t\t\t<td colspan=\"\" rowspan=\"\">\n\t\t\t\t\t\t\t\t\t\t\t\t\t\t\t\t\t\t\t\t\t\t\t   Englisch  Deutsch  Franz\u00f6sisch Ausgangstext EURO 45 eine Fahrt &#8211; 3 Stunden von T\u00fcr zu T\u00fcr EURO 45 eine Fahrt &#8211; 3 Stunden von T\u00fcr zu T\u00fcr \u200b 45 \/ 5.000 \u00dcbersetzungsergebnisse \u00dcbersetzung EURO 45 one trip &#8211; 3 hours door to door \n\t\t\t\t\t\t\t\t\t\t\t\t\t\t\t\t\t\t\t\t\t\t\t<\/td>\n\t\t\t\t\t\t\t\t\t\t\t<\/tr><\/tbody>\n\t\t\t\t<\/table>\n\tPrices and travel times are approximate.<br \/>\nNote: Late arrivals and early departures from Zurich are difficult to reach by train.<br \/>\nFrom Zurich Airport there is a bus connection to Stuben see <a href=\"https:\/\/www.arlbergexpress.com\" target=\"_blank\" rel=\"noopener\">www.arlbergexpress.com<\/a>, <a href=\"https:\/\/www.oebb.at\" target=\"_blank\" rel=\"noopener\">www.oebb.at<\/a> oder <a href=\"https:\/\/www.sbb.ch\" target=\"_blank\" rel=\"noopener\">www.sbb.ch<\/a>.\n<p>We would be happy to provide you with comprehensive support in organizing transfers or flights and suggest the best travel options. If you would like us to book a taxi for you, that&#8217;s no problem. Further train information to coordinate with your flights can be found at:<\/p>\n\t\t\t<a href=\"http:\/\/www.oebb.at\/\" target=\"_blank\" rel=\"noopener\" role=\"button\" aria-label=\"\u00d6BB.at\">\n\t\t\t\t\t\t\t\u00d6BB.at\n\t\t<\/a>\n\t\t\t<a href=\"http:\/\/www.sbb.ch\/\" target=\"_blank\" rel=\"noopener\" role=\"button\" aria-label=\"SBB.ch\">\n\t\t\t\t\t\t\tSBB.ch\n\t\t<\/a>\n\t<h3>\n\t\t\t\tIf you want to reduce your carbon footprint, are afraid of flying, or simply hate airports, travel by train. Remember, we are on the old Paris to Vienna line. Can you see it:\n\t\t\t<\/h3>\n\t\t\t<a href=\"http:\/\/www.snowcarbon.co.uk\/\" target=\"_blank\" rel=\"noopener\" role=\"button\" aria-label=\"Snowcarbon.co.uk\">\n\t\t\t\t\t\t\tSnowcarbon.co.uk\n\t\t<\/a>\n\n","protected":false},"excerpt":{"rendered":"<p>Getting there Stuben am Arlberg, Vorarlberg, Austria You are currently viewing a placeholder content from Google Maps. To access the actual content, click the button below. Please note that doing so will share data with third-party providers. More Information Unblock content Accept [&hellip;]<\/p>\n","protected":false},"author":1,"featured_media":0,"parent":0,"menu_order":0,"comment_status":"closed","ping_status":"closed","template":"","meta":{"site-sidebar-layout":"default","site-content-layout":"page-builder","ast-site-content-layout":"default","site-content-style":"default","site-sidebar-style":"default","ast-global-header-display":"","ast-banner-title-visibility":"","ast-main-header-display":"","ast-hfb-above-header-display":"","ast-hfb-below-header-display":"","ast-hfb-mobile-header-display":"","site-post-title":"disabled","ast-breadcrumbs-content":"","ast-featured-img":"","footer-sml-layout":"","ast-disable-related-posts":"","theme-transparent-header-meta":"disabled","adv-header-id-meta":"","stick-header-meta":"default","header-above-stick-meta":"","header-main-stick-meta":"","header-below-stick-meta":"","astra-migrate-meta-layouts":"set","ast-page-background-enabled":"default","ast-page-background-meta":{"desktop":{"background-color":"","background-image":"","background-repeat":"repeat","background-position":"center center","background-size":"auto","background-attachment":"scroll","background-type":"","background-media":"","overlay-type":"","overlay-color":"","overlay-opacity":"","overlay-gradient":""},"tablet":{"background-color":"","background-image":"","background-repeat":"repeat","background-position":"center center","background-size":"auto","background-attachment":"scroll","background-type":"","background-media":"","overlay-type":"","overlay-color":"","overlay-opacity":"","overlay-gradient":""},"mobile":{"background-color":"","background-image":"","background-repeat":"repeat","background-position":"center center","background-size":"auto","background-attachment":"scroll","background-type":"","background-media":"","overlay-type":"","overlay-color":"","overlay-opacity":"","overlay-gradient":""}},"ast-content-background-meta":{"desktop":{"background-color":"var(--ast-global-color-5)","background-image":"","background-repeat":"repeat","background-position":"center center","background-size":"auto","background-attachment":"scroll","background-type":"","background-media":"","overlay-type":"","overlay-color":"","overlay-opacity":"","overlay-gradient":""},"tablet":{"background-color":"var(--ast-global-color-5)","background-image":"","background-repeat":"repeat","background-position":"center center","background-size":"auto","background-attachment":"scroll","background-type":"","background-media":"","overlay-type":"","overlay-color":"","overlay-opacity":"","overlay-gradient":""},"mobile":{"background-color":"var(--ast-global-color-5)","background-image":"","background-repeat":"repeat","background-position":"center center","background-size":"auto","background-attachment":"scroll","background-type":"","background-media":"","overlay-type":"","overlay-color":"","overlay-opacity":"","overlay-gradient":""}},"footnotes":""},"class_list":["post-12576","page","type-page","status-publish","hentry"],"yoast_head":"<!-- This site is optimized with the Yoast SEO plugin v27.4 - https:\/\/yoast.com\/product\/yoast-seo-wordpress\/ -->\n<title>Getting there - Apart 7 Ferienwohnung<\/title>\n<meta name=\"robots\" content=\"index, follow, max-snippet:-1, max-image-preview:large, max-video-preview:-1\" \/>\n<link rel=\"canonical\" href=\"https:\/\/www.apart7stuben.at\/en\/getting-there\/\" \/>\n<meta property=\"og:locale\" content=\"en_US\" \/>\n<meta property=\"og:type\" content=\"article\" \/>\n<meta property=\"og:title\" content=\"Getting there - Apart 7 Ferienwohnung\" \/>\n<meta property=\"og:description\" content=\"Getting there Stuben am Arlberg, Vorarlberg, Austria You are currently viewing a placeholder content from Google Maps. To access the actual content, click the button below. Please note that doing so will share data with third-party providers. More Information Unblock content Accept [&hellip;]\" \/>\n<meta property=\"og:url\" content=\"https:\/\/www.apart7stuben.at\/en\/getting-there\/\" \/>\n<meta property=\"og:site_name\" content=\"Apart 7 Ferienwohnung\" \/>\n<meta property=\"article:modified_time\" content=\"2024-01-20T18:04:43+00:00\" \/>\n<meta name=\"twitter:card\" content=\"summary_large_image\" \/>\n<script type=\"application\/ld+json\" class=\"yoast-schema-graph\">{\"@context\":\"https:\\\/\\\/schema.org\",\"@graph\":[{\"@type\":\"WebPage\",\"@id\":\"https:\\\/\\\/www.apart7stuben.at\\\/en\\\/getting-there\\\/\",\"url\":\"https:\\\/\\\/www.apart7stuben.at\\\/en\\\/getting-there\\\/\",\"name\":\"Getting there - Apart 7 Ferienwohnung\",\"isPartOf\":{\"@id\":\"https:\\\/\\\/www.apart7stuben.at\\\/en\\\/#website\"},\"datePublished\":\"2021-04-28T10:15:45+00:00\",\"dateModified\":\"2024-01-20T18:04:43+00:00\",\"breadcrumb\":{\"@id\":\"https:\\\/\\\/www.apart7stuben.at\\\/en\\\/getting-there\\\/#breadcrumb\"},\"inLanguage\":\"en-US\",\"potentialAction\":[{\"@type\":\"ReadAction\",\"target\":[\"https:\\\/\\\/www.apart7stuben.at\\\/en\\\/getting-there\\\/\"]}]},{\"@type\":\"BreadcrumbList\",\"@id\":\"https:\\\/\\\/www.apart7stuben.at\\\/en\\\/getting-there\\\/#breadcrumb\",\"itemListElement\":[{\"@type\":\"ListItem\",\"position\":1,\"name\":\"Home\",\"item\":\"https:\\\/\\\/www.apart7stuben.at\\\/en\\\/\"},{\"@type\":\"ListItem\",\"position\":2,\"name\":\"Getting there\"}]},{\"@type\":\"WebSite\",\"@id\":\"https:\\\/\\\/www.apart7stuben.at\\\/en\\\/#website\",\"url\":\"https:\\\/\\\/www.apart7stuben.at\\\/en\\\/\",\"name\":\"Apart 7 Ferienwohnung\",\"description\":\"\",\"publisher\":{\"@id\":\"https:\\\/\\\/www.apart7stuben.at\\\/en\\\/#organization\"},\"potentialAction\":[{\"@type\":\"SearchAction\",\"target\":{\"@type\":\"EntryPoint\",\"urlTemplate\":\"https:\\\/\\\/www.apart7stuben.at\\\/en\\\/?s={search_term_string}\"},\"query-input\":{\"@type\":\"PropertyValueSpecification\",\"valueRequired\":true,\"valueName\":\"search_term_string\"}}],\"inLanguage\":\"en-US\"},{\"@type\":\"Organization\",\"@id\":\"https:\\\/\\\/www.apart7stuben.at\\\/en\\\/#organization\",\"name\":\"Apart 7 Ferienwohnung\",\"url\":\"https:\\\/\\\/www.apart7stuben.at\\\/en\\\/\",\"logo\":{\"@type\":\"ImageObject\",\"inLanguage\":\"en-US\",\"@id\":\"https:\\\/\\\/www.apart7stuben.at\\\/en\\\/#\\\/schema\\\/logo\\\/image\\\/\",\"url\":\"https:\\\/\\\/www.apart7stuben.at\\\/wp-content\\\/uploads\\\/2023\\\/09\\\/apart7-logo1web.png\",\"contentUrl\":\"https:\\\/\\\/www.apart7stuben.at\\\/wp-content\\\/uploads\\\/2023\\\/09\\\/apart7-logo1web.png\",\"width\":590,\"height\":166,\"caption\":\"Apart 7 Ferienwohnung\"},\"image\":{\"@id\":\"https:\\\/\\\/www.apart7stuben.at\\\/en\\\/#\\\/schema\\\/logo\\\/image\\\/\"},\"sameAs\":[\"https:\\\/\\\/www.instagram.com\\\/haus7stuben\\\/\"]}]}<\/script>\n<!-- \/ Yoast SEO plugin. -->","yoast_head_json":{"title":"Getting there - Apart 7 Ferienwohnung","robots":{"index":"index","follow":"follow","max-snippet":"max-snippet:-1","max-image-preview":"max-image-preview:large","max-video-preview":"max-video-preview:-1"},"canonical":"https:\/\/www.apart7stuben.at\/en\/getting-there\/","og_locale":"en_US","og_type":"article","og_title":"Getting there - Apart 7 Ferienwohnung","og_description":"Getting there Stuben am Arlberg, Vorarlberg, Austria You are currently viewing a placeholder content from Google Maps. To access the actual content, click the button below. Please note that doing so will share data with third-party providers. More Information Unblock content Accept [&hellip;]","og_url":"https:\/\/www.apart7stuben.at\/en\/getting-there\/","og_site_name":"Apart 7 Ferienwohnung","article_modified_time":"2024-01-20T18:04:43+00:00","twitter_card":"summary_large_image","schema":{"@context":"https:\/\/schema.org","@graph":[{"@type":"WebPage","@id":"https:\/\/www.apart7stuben.at\/en\/getting-there\/","url":"https:\/\/www.apart7stuben.at\/en\/getting-there\/","name":"Getting there - Apart 7 Ferienwohnung","isPartOf":{"@id":"https:\/\/www.apart7stuben.at\/en\/#website"},"datePublished":"2021-04-28T10:15:45+00:00","dateModified":"2024-01-20T18:04:43+00:00","breadcrumb":{"@id":"https:\/\/www.apart7stuben.at\/en\/getting-there\/#breadcrumb"},"inLanguage":"en-US","potentialAction":[{"@type":"ReadAction","target":["https:\/\/www.apart7stuben.at\/en\/getting-there\/"]}]},{"@type":"BreadcrumbList","@id":"https:\/\/www.apart7stuben.at\/en\/getting-there\/#breadcrumb","itemListElement":[{"@type":"ListItem","position":1,"name":"Home","item":"https:\/\/www.apart7stuben.at\/en\/"},{"@type":"ListItem","position":2,"name":"Getting there"}]},{"@type":"WebSite","@id":"https:\/\/www.apart7stuben.at\/en\/#website","url":"https:\/\/www.apart7stuben.at\/en\/","name":"Apart 7 Ferienwohnung","description":"","publisher":{"@id":"https:\/\/www.apart7stuben.at\/en\/#organization"},"potentialAction":[{"@type":"SearchAction","target":{"@type":"EntryPoint","urlTemplate":"https:\/\/www.apart7stuben.at\/en\/?s={search_term_string}"},"query-input":{"@type":"PropertyValueSpecification","valueRequired":true,"valueName":"search_term_string"}}],"inLanguage":"en-US"},{"@type":"Organization","@id":"https:\/\/www.apart7stuben.at\/en\/#organization","name":"Apart 7 Ferienwohnung","url":"https:\/\/www.apart7stuben.at\/en\/","logo":{"@type":"ImageObject","inLanguage":"en-US","@id":"https:\/\/www.apart7stuben.at\/en\/#\/schema\/logo\/image\/","url":"https:\/\/www.apart7stuben.at\/wp-content\/uploads\/2023\/09\/apart7-logo1web.png","contentUrl":"https:\/\/www.apart7stuben.at\/wp-content\/uploads\/2023\/09\/apart7-logo1web.png","width":590,"height":166,"caption":"Apart 7 Ferienwohnung"},"image":{"@id":"https:\/\/www.apart7stuben.at\/en\/#\/schema\/logo\/image\/"},"sameAs":["https:\/\/www.instagram.com\/haus7stuben\/"]}]}},"_links":{"self":[{"href":"https:\/\/www.apart7stuben.at\/en\/wp-json\/wp\/v2\/pages\/12576","targetHints":{"allow":["GET"]}}],"collection":[{"href":"https:\/\/www.apart7stuben.at\/en\/wp-json\/wp\/v2\/pages"}],"about":[{"href":"https:\/\/www.apart7stuben.at\/en\/wp-json\/wp\/v2\/types\/page"}],"author":[{"embeddable":true,"href":"https:\/\/www.apart7stuben.at\/en\/wp-json\/wp\/v2\/users\/1"}],"replies":[{"embeddable":true,"href":"https:\/\/www.apart7stuben.at\/en\/wp-json\/wp\/v2\/comments?post=12576"}],"version-history":[{"count":2,"href":"https:\/\/www.apart7stuben.at\/en\/wp-json\/wp\/v2\/pages\/12576\/revisions"}],"predecessor-version":[{"id":12578,"href":"https:\/\/www.apart7stuben.at\/en\/wp-json\/wp\/v2\/pages\/12576\/revisions\/12578"}],"wp:attachment":[{"href":"https:\/\/www.apart7stuben.at\/en\/wp-json\/wp\/v2\/media?parent=12576"}],"curies":[{"name":"wp","href":"https:\/\/api.w.org\/{rel}","templated":true}]}}