{"id":12582,"date":"2021-04-28T09:44:52","date_gmt":"2021-04-28T07:44:52","guid":{"rendered":"https:\/\/www.apart7stuben.at\/?page_id=12582"},"modified":"2024-01-20T19:08:56","modified_gmt":"2024-01-20T18:08:56","slug":"terms-of-use","status":"publish","type":"page","link":"https:\/\/www.apart7stuben.at\/en\/terms-of-use\/","title":{"rendered":"Terms of Use"},"content":{"rendered":"\n\n\t<div class=\"ast-breadcrumbs-wrapper\">\n\t\t\t<div class=\"ast-breadcrumbs-inner\"><nav role=\"navigation\" aria-label=\"Breadcrumbs\" class=\"breadcrumb-trail breadcrumbs\" ><div class=\"ast-breadcrumbs\"><ul class=\"trail-items\" ><li  class=\"trail-item trail-end\"><span><a href=\"https:\/\/www.apart7stuben.at\/en\/\" rel=\"home\"><span >Home<\/span><\/a><\/span><\/li><\/ul><\/div><\/nav><\/div>\n\t\t<\/div>\n\t<h1>\n\t\t\t\tTerms of Use\n\t\t\t<\/h1>\n\t<div style=\"word-wrap: break-word;\">\n\n<p>Chesa Lavadina Hotel GmbH<br \/>\nStuben 7<br \/>\n6762 Stuben am Arlberg<\/p>\n\n<p><strong>Represented by:<\/strong><br \/>\nAndrew Duffin<\/p>\n\n<h2>Contact<\/h2>\n<p>Phone: +43 664 7383 2305<br \/>\nE-mail: info@apart7stuben.at<\/p>\n\n<h2>VAT ID<\/h2>\n<p>Sales tax identification number according to Sect. 27 a of the Sales Tax Law:<br \/>\nATU 69072148<\/p>\n\n<h2>Person responsible for editorial<\/h2>\n<p>Andrew Duffin<\/p>\n\n<h2>EU dispute resolution<\/h2>\n<p>The European Commission provides a platform for online dispute resolution (ODR): <a href=\"https:\/\/ec.europa.eu\/consumers\/odr\/\" target=\"_blank\" rel=\"noopener noreferrer\">https:\/\/ec.europa.eu\/consumers\/odr\/<\/a>.<br \/> Our e-mail address can be found above in the site notice.<\/p>\n\n<h2>Dispute resolution proceedings in front of a consumer arbitration board<\/h2>\n<p>We are not willing or obliged to participate in dispute resolution proceedings in front of a consumer arbitration board.<\/p><\/div>\n\t<p><strong>Hinweise richten Sie bitte an den Betreiber:<\/strong><\/p>\nMaria and Andrew Duffin<br \/>\nChesa Lavadina Hotel GmbH Stuben 7<br \/>\n6762 Stuben am Arlberg<br \/>\n\u00d6sterreich\nUID: ATU\u00a069072148<br \/>\nFirmenbuchnr.: FN 419832a\n<p>Telefon: +43 664 7383 2305<\/p>\n<p>e-mail: <a href=\"mailto:info@apart7stuben.at\">info@apart7stuben.at<\/a><\/p>\n<strong>Beh\u00f6rde gem\u00e4\u00df ECG:<\/strong><br \/>\nFachgruppe: Tourismus<br \/>\nBerufsgruppe: Tourismus<br \/>\nBeh\u00f6rde gem. ECG: BH Bludenz\nUnternehmensdaten:<br \/>\n\u203a <a href=\"https:\/\/firmen.wko.at\/Web\/DetailsInfos.aspx?FirmaID=2671921a-fa64-403f-9b61-716d624af68c&amp;StandortID=0&amp;Suchbegriff=Chesa+Lavadina+Hotel+GmbH+&amp;Page=1\" target=\"_blank\" rel=\"noopener\">Informationspflicht lt. \u00a7 5 Abs. 1 E-Commerce Gesetz<\/a>\n<strong><br \/>\nWebsite Konzept, Gestaltung &amp; Kreation:<\/strong><br \/>\nWebdesign by M2 Agentur\n<strong>Fotonachweise:<\/strong><br \/>\nAndrew Duffin, \u00d6sterreich<br \/>\nPixabay.de\n\n","protected":false},"excerpt":{"rendered":"<p>Terms of Use Hinweise richten Sie bitte an den Betreiber: Maria and Andrew Duffin Chesa Lavadina Hotel GmbH Stuben 7 6762 Stuben am Arlberg \u00d6sterreich UID: ATU\u00a069072148 Firmenbuchnr.: FN 419832a Telefon: +43 664 7383 2305 e-mail: info@apart7stuben.at Beh\u00f6rde gem\u00e4\u00df ECG: Fachgruppe: Tourismus [&hellip;]<\/p>\n","protected":false},"author":1,"featured_media":0,"parent":0,"menu_order":0,"comment_status":"closed","ping_status":"closed","template":"","meta":{"site-sidebar-layout":"no-sidebar","site-content-layout":"page-builder","ast-site-content-layout":"default","site-content-style":"default","site-sidebar-style":"default","ast-global-header-display":"","ast-banner-title-visibility":"","ast-main-header-display":"","ast-hfb-above-header-display":"","ast-hfb-below-header-display":"","ast-hfb-mobile-header-display":"","site-post-title":"disabled","ast-breadcrumbs-content":"","ast-featured-img":"disabled","footer-sml-layout":"","ast-disable-related-posts":"","theme-transparent-header-meta":"disabled","adv-header-id-meta":"","stick-header-meta":"default","header-above-stick-meta":"","header-main-stick-meta":"","header-below-stick-meta":"","astra-migrate-meta-layouts":"set","ast-page-background-enabled":"default","ast-page-background-meta":{"desktop":{"background-color":"","background-image":"","background-repeat":"repeat","background-position":"center center","background-size":"auto","background-attachment":"scroll","background-type":"","background-media":"","overlay-type":"","overlay-color":"","overlay-opacity":"","overlay-gradient":""},"tablet":{"background-color":"","background-image":"","background-repeat":"repeat","background-position":"center center","background-size":"auto","background-attachment":"scroll","background-type":"","background-media":"","overlay-type":"","overlay-color":"","overlay-opacity":"","overlay-gradient":""},"mobile":{"background-color":"","background-image":"","background-repeat":"repeat","background-position":"center center","background-size":"auto","background-attachment":"scroll","background-type":"","background-media":"","overlay-type":"","overlay-color":"","overlay-opacity":"","overlay-gradient":""}},"ast-content-background-meta":{"desktop":{"background-color":"var(--ast-global-color-5)","background-image":"","background-repeat":"repeat","background-position":"center center","background-size":"auto","background-attachment":"scroll","background-type":"","background-media":"","overlay-type":"","overlay-color":"","overlay-opacity":"","overlay-gradient":""},"tablet":{"background-color":"var(--ast-global-color-5)","background-image":"","background-repeat":"repeat","background-position":"center center","background-size":"auto","background-attachment":"scroll","background-type":"","background-media":"","overlay-type":"","overlay-color":"","overlay-opacity":"","overlay-gradient":""},"mobile":{"background-color":"var(--ast-global-color-5)","background-image":"","background-repeat":"repeat","background-position":"center center","background-size":"auto","background-attachment":"scroll","background-type":"","background-media":"","overlay-type":"","overlay-color":"","overlay-opacity":"","overlay-gradient":""}},"footnotes":""},"class_list":["post-12582","page","type-page","status-publish","hentry"],"yoast_head":"<!-- This site is optimized with the Yoast SEO plugin v27.4 - https:\/\/yoast.com\/product\/yoast-seo-wordpress\/ -->\n<title>Terms of Use - Apart 7 Ferienwohnung<\/title>\n<meta name=\"robots\" content=\"index, follow, max-snippet:-1, max-image-preview:large, max-video-preview:-1\" \/>\n<link rel=\"canonical\" href=\"https:\/\/www.apart7stuben.at\/en\/terms-of-use\/\" \/>\n<meta property=\"og:locale\" content=\"en_US\" \/>\n<meta property=\"og:type\" content=\"article\" \/>\n<meta property=\"og:title\" content=\"Terms of Use - Apart 7 Ferienwohnung\" \/>\n<meta property=\"og:description\" content=\"Terms of Use Hinweise richten Sie bitte an den Betreiber: Maria and Andrew Duffin Chesa Lavadina Hotel GmbH Stuben 7 6762 Stuben am Arlberg \u00d6sterreich UID: ATU\u00a069072148 Firmenbuchnr.: FN 419832a Telefon: +43 664 7383 2305 e-mail: info@apart7stuben.at Beh\u00f6rde gem\u00e4\u00df ECG: Fachgruppe: Tourismus [&hellip;]\" \/>\n<meta property=\"og:url\" content=\"https:\/\/www.apart7stuben.at\/en\/terms-of-use\/\" \/>\n<meta property=\"og:site_name\" content=\"Apart 7 Ferienwohnung\" \/>\n<meta property=\"article:modified_time\" content=\"2024-01-20T18:08:56+00:00\" \/>\n<meta name=\"twitter:card\" content=\"summary_large_image\" \/>\n<script type=\"application\/ld+json\" class=\"yoast-schema-graph\">{\"@context\":\"https:\\\/\\\/schema.org\",\"@graph\":[{\"@type\":\"WebPage\",\"@id\":\"https:\\\/\\\/www.apart7stuben.at\\\/en\\\/terms-of-use\\\/\",\"url\":\"https:\\\/\\\/www.apart7stuben.at\\\/en\\\/terms-of-use\\\/\",\"name\":\"Terms of Use - Apart 7 Ferienwohnung\",\"isPartOf\":{\"@id\":\"https:\\\/\\\/www.apart7stuben.at\\\/en\\\/#website\"},\"datePublished\":\"2021-04-28T07:44:52+00:00\",\"dateModified\":\"2024-01-20T18:08:56+00:00\",\"breadcrumb\":{\"@id\":\"https:\\\/\\\/www.apart7stuben.at\\\/en\\\/terms-of-use\\\/#breadcrumb\"},\"inLanguage\":\"en-US\",\"potentialAction\":[{\"@type\":\"ReadAction\",\"target\":[\"https:\\\/\\\/www.apart7stuben.at\\\/en\\\/terms-of-use\\\/\"]}]},{\"@type\":\"BreadcrumbList\",\"@id\":\"https:\\\/\\\/www.apart7stuben.at\\\/en\\\/terms-of-use\\\/#breadcrumb\",\"itemListElement\":[{\"@type\":\"ListItem\",\"position\":1,\"name\":\"Home\",\"item\":\"https:\\\/\\\/www.apart7stuben.at\\\/en\\\/\"},{\"@type\":\"ListItem\",\"position\":2,\"name\":\"Terms of Use\"}]},{\"@type\":\"WebSite\",\"@id\":\"https:\\\/\\\/www.apart7stuben.at\\\/en\\\/#website\",\"url\":\"https:\\\/\\\/www.apart7stuben.at\\\/en\\\/\",\"name\":\"Apart 7 Ferienwohnung\",\"description\":\"\",\"publisher\":{\"@id\":\"https:\\\/\\\/www.apart7stuben.at\\\/en\\\/#organization\"},\"potentialAction\":[{\"@type\":\"SearchAction\",\"target\":{\"@type\":\"EntryPoint\",\"urlTemplate\":\"https:\\\/\\\/www.apart7stuben.at\\\/en\\\/?s={search_term_string}\"},\"query-input\":{\"@type\":\"PropertyValueSpecification\",\"valueRequired\":true,\"valueName\":\"search_term_string\"}}],\"inLanguage\":\"en-US\"},{\"@type\":\"Organization\",\"@id\":\"https:\\\/\\\/www.apart7stuben.at\\\/en\\\/#organization\",\"name\":\"Apart 7 Ferienwohnung\",\"url\":\"https:\\\/\\\/www.apart7stuben.at\\\/en\\\/\",\"logo\":{\"@type\":\"ImageObject\",\"inLanguage\":\"en-US\",\"@id\":\"https:\\\/\\\/www.apart7stuben.at\\\/en\\\/#\\\/schema\\\/logo\\\/image\\\/\",\"url\":\"https:\\\/\\\/www.apart7stuben.at\\\/wp-content\\\/uploads\\\/2023\\\/09\\\/apart7-logo1web.png\",\"contentUrl\":\"https:\\\/\\\/www.apart7stuben.at\\\/wp-content\\\/uploads\\\/2023\\\/09\\\/apart7-logo1web.png\",\"width\":590,\"height\":166,\"caption\":\"Apart 7 Ferienwohnung\"},\"image\":{\"@id\":\"https:\\\/\\\/www.apart7stuben.at\\\/en\\\/#\\\/schema\\\/logo\\\/image\\\/\"},\"sameAs\":[\"https:\\\/\\\/www.instagram.com\\\/haus7stuben\\\/\"]}]}<\/script>\n<!-- \/ Yoast SEO plugin. -->","yoast_head_json":{"title":"Terms of Use - Apart 7 Ferienwohnung","robots":{"index":"index","follow":"follow","max-snippet":"max-snippet:-1","max-image-preview":"max-image-preview:large","max-video-preview":"max-video-preview:-1"},"canonical":"https:\/\/www.apart7stuben.at\/en\/terms-of-use\/","og_locale":"en_US","og_type":"article","og_title":"Terms of Use - Apart 7 Ferienwohnung","og_description":"Terms of Use Hinweise richten Sie bitte an den Betreiber: Maria and Andrew Duffin Chesa Lavadina Hotel GmbH Stuben 7 6762 Stuben am Arlberg \u00d6sterreich UID: ATU\u00a069072148 Firmenbuchnr.: FN 419832a Telefon: +43 664 7383 2305 e-mail: info@apart7stuben.at Beh\u00f6rde gem\u00e4\u00df ECG: Fachgruppe: Tourismus [&hellip;]","og_url":"https:\/\/www.apart7stuben.at\/en\/terms-of-use\/","og_site_name":"Apart 7 Ferienwohnung","article_modified_time":"2024-01-20T18:08:56+00:00","twitter_card":"summary_large_image","schema":{"@context":"https:\/\/schema.org","@graph":[{"@type":"WebPage","@id":"https:\/\/www.apart7stuben.at\/en\/terms-of-use\/","url":"https:\/\/www.apart7stuben.at\/en\/terms-of-use\/","name":"Terms of Use - Apart 7 Ferienwohnung","isPartOf":{"@id":"https:\/\/www.apart7stuben.at\/en\/#website"},"datePublished":"2021-04-28T07:44:52+00:00","dateModified":"2024-01-20T18:08:56+00:00","breadcrumb":{"@id":"https:\/\/www.apart7stuben.at\/en\/terms-of-use\/#breadcrumb"},"inLanguage":"en-US","potentialAction":[{"@type":"ReadAction","target":["https:\/\/www.apart7stuben.at\/en\/terms-of-use\/"]}]},{"@type":"BreadcrumbList","@id":"https:\/\/www.apart7stuben.at\/en\/terms-of-use\/#breadcrumb","itemListElement":[{"@type":"ListItem","position":1,"name":"Home","item":"https:\/\/www.apart7stuben.at\/en\/"},{"@type":"ListItem","position":2,"name":"Terms of Use"}]},{"@type":"WebSite","@id":"https:\/\/www.apart7stuben.at\/en\/#website","url":"https:\/\/www.apart7stuben.at\/en\/","name":"Apart 7 Ferienwohnung","description":"","publisher":{"@id":"https:\/\/www.apart7stuben.at\/en\/#organization"},"potentialAction":[{"@type":"SearchAction","target":{"@type":"EntryPoint","urlTemplate":"https:\/\/www.apart7stuben.at\/en\/?s={search_term_string}"},"query-input":{"@type":"PropertyValueSpecification","valueRequired":true,"valueName":"search_term_string"}}],"inLanguage":"en-US"},{"@type":"Organization","@id":"https:\/\/www.apart7stuben.at\/en\/#organization","name":"Apart 7 Ferienwohnung","url":"https:\/\/www.apart7stuben.at\/en\/","logo":{"@type":"ImageObject","inLanguage":"en-US","@id":"https:\/\/www.apart7stuben.at\/en\/#\/schema\/logo\/image\/","url":"https:\/\/www.apart7stuben.at\/wp-content\/uploads\/2023\/09\/apart7-logo1web.png","contentUrl":"https:\/\/www.apart7stuben.at\/wp-content\/uploads\/2023\/09\/apart7-logo1web.png","width":590,"height":166,"caption":"Apart 7 Ferienwohnung"},"image":{"@id":"https:\/\/www.apart7stuben.at\/en\/#\/schema\/logo\/image\/"},"sameAs":["https:\/\/www.instagram.com\/haus7stuben\/"]}]}},"_links":{"self":[{"href":"https:\/\/www.apart7stuben.at\/en\/wp-json\/wp\/v2\/pages\/12582","targetHints":{"allow":["GET"]}}],"collection":[{"href":"https:\/\/www.apart7stuben.at\/en\/wp-json\/wp\/v2\/pages"}],"about":[{"href":"https:\/\/www.apart7stuben.at\/en\/wp-json\/wp\/v2\/types\/page"}],"author":[{"embeddable":true,"href":"https:\/\/www.apart7stuben.at\/en\/wp-json\/wp\/v2\/users\/1"}],"replies":[{"embeddable":true,"href":"https:\/\/www.apart7stuben.at\/en\/wp-json\/wp\/v2\/comments?post=12582"}],"version-history":[{"count":3,"href":"https:\/\/www.apart7stuben.at\/en\/wp-json\/wp\/v2\/pages\/12582\/revisions"}],"predecessor-version":[{"id":12585,"href":"https:\/\/www.apart7stuben.at\/en\/wp-json\/wp\/v2\/pages\/12582\/revisions\/12585"}],"wp:attachment":[{"href":"https:\/\/www.apart7stuben.at\/en\/wp-json\/wp\/v2\/media?parent=12582"}],"curies":[{"name":"wp","href":"https:\/\/api.w.org\/{rel}","templated":true}]}}